{"id":29811,"date":"2025-09-09T10:44:19","date_gmt":"2025-09-09T08:44:19","guid":{"rendered":"https:\/\/martyna.de\/?page_id=29811"},"modified":"2025-09-09T11:17:54","modified_gmt":"2025-09-09T09:17:54","slug":"impressum","status":"publish","type":"page","link":"https:\/\/martyna.de\/eng\/impressum\/","title":{"rendered":"IMPRINT"},"content":{"rendered":"<div data-elementor-type=\"wp-page\" data-elementor-id=\"29811\" class=\"elementor elementor-29811\" data-elementor-post-type=\"page\">\n\t\t\t\t<div class=\"elementor-element elementor-element-278540cb e-flex e-con-boxed neuron-fixed-no e-con e-parent\" data-id=\"278540cb\" data-element_type=\"container\">\n\t\t\t\t\t<div class=\"e-con-inner\">\n\t\t\t\t<div class=\"elementor-element elementor-element-e4bb03c elementor-widget elementor-widget-text-editor\" data-id=\"e4bb03c\" data-element_type=\"widget\" data-widget_type=\"text-editor.default\">\n\t\t\t\t<div class=\"elementor-widget-container\">\n\t\t\t\t\t\t\t\t\t<style>\n.impressum-wrap{\n  font-family: 'Montserrat', sans-serif;\n  max-width: 780px;\n  color: #000;\n}\n.impressum-sub{\n  font-weight: 700;\n  font-size: 18px;\n  line-height: 27px;\n  margin: 25px 0 10px 0;\n}\n.impressum-text{\n  font-weight: 400;\n  font-size: 16px;\n  line-height: 27px;\n  margin: 0 0 18px 0;\n}\n<\/style>\n\n<div class=\"impressum-wrap\">\n\n  <div class=\"impressum-sub\">Information according to \u00a7 5 TMG<\/div>\n  <div class=\"impressum-text\">\n    Przemyslaw Martyna<br>\n    Beuerbacher Weg 5<br>\n    65510 H\u00fcnstetten\n  <\/div>\n\n  <div class=\"impressum-sub\">Contact us<\/div>\n  <div class=\"impressum-text\">\n    Phone: <span id=\"tel\"><\/span><br>\n    E-Mail: <span id=\"mail\"><\/span>\n  <\/div>\n\n  <div class=\"impressum-sub\">Sales tax ID<\/div>\n  <div class=\"impressum-text\">\n    Sales tax identification number according to \u00a7 27 a UStG: DE354461493\n  <\/div>\n\n  <div class=\"impressum-sub\">Editorial responsibility<\/div>\n  <div class=\"impressum-text\">\n    Operator of the website\n  <\/div>\n\n  <div class=\"impressum-sub\">EU dispute resolution<\/div>\n  <div class=\"impressum-text\">\n    The European Commission provides a platform for online dispute resolution (ODR): \n    <a href=\"https:\/\/ec.europa.eu\/consumers\/odr\/\" target=\"_blank\" rel=\"noopener\">https:\/\/ec.europa.eu\/consumers\/odr\/<\/a><br>\n    You can find our e-mail address in the legal notice above.\n  <\/div>\n\n  <div class=\"impressum-sub\">Consumer dispute resolution<\/div>\n  <div class=\"impressum-text\">\n    We are not willing or obliged to participate in dispute resolution proceedings before a consumer arbitration board.<br>\n    Further information: <a href=\"https:\/\/www.verbraucher-schlichter.de\" target=\"_blank\" rel=\"noopener\">verbraucher-schlichter.de<\/a>\n  <\/div>\n\n  <div class=\"impressum-text\">Source: eRecht24<\/div>\n<\/div>\n\n<script>\n  \/\/ Telefonnummer zusammensetzen (Schutz gegen Bots)\n  document.getElementById(\"tel\").innerText = \"0151\" + \" 17777719\";\n  \/\/ E-Mail zusammensetzen (Schutz gegen Bots)\n  document.getElementById(\"mail\").innerText = \"p\" + \"@\" + \"martyna.de\";\n<\/script>\n\t\t\t\t\t\t\t\t<\/div>\n\t\t\t\t<\/div>\n\t\t\t\t\t<\/div>\n\t\t\t\t<\/div>\n\t\t\t\t<\/div>","protected":false},"excerpt":{"rendered":"<p>Angaben gem\u00e4\u00df \u00a7 5 TMG Przemyslaw Martyna Beuerbacher Weg 5 65510 H\u00fcnstetten Kontakt Telefon: E-Mail: Umsatzsteuer-ID Umsatzsteuer-Identifikationsnummer gem\u00e4\u00df&#8230;<\/p>","protected":false},"author":1,"featured_media":0,"parent":0,"menu_order":0,"comment_status":"closed","ping_status":"closed","template":"","meta":{"_acf_changed":false,"footnotes":""},"class_list":["post-29811","page","type-page","status-publish","hentry"],"acf":[],"_links":{"self":[{"href":"https:\/\/martyna.de\/eng\/wp-json\/wp\/v2\/pages\/29811","targetHints":{"allow":["GET"]}}],"collection":[{"href":"https:\/\/martyna.de\/eng\/wp-json\/wp\/v2\/pages"}],"about":[{"href":"https:\/\/martyna.de\/eng\/wp-json\/wp\/v2\/types\/page"}],"author":[{"embeddable":true,"href":"https:\/\/martyna.de\/eng\/wp-json\/wp\/v2\/users\/1"}],"replies":[{"embeddable":true,"href":"https:\/\/martyna.de\/eng\/wp-json\/wp\/v2\/comments?post=29811"}],"version-history":[{"count":13,"href":"https:\/\/martyna.de\/eng\/wp-json\/wp\/v2\/pages\/29811\/revisions"}],"predecessor-version":[{"id":29841,"href":"https:\/\/martyna.de\/eng\/wp-json\/wp\/v2\/pages\/29811\/revisions\/29841"}],"wp:attachment":[{"href":"https:\/\/martyna.de\/eng\/wp-json\/wp\/v2\/media?parent=29811"}],"curies":[{"name":"wp","href":"https:\/\/api.w.org\/{rel}","templated":true}]}}